{"id":4957,"date":"2024-06-06T12:06:54","date_gmt":"2024-06-06T14:06:54","guid":{"rendered":"https:\/\/www.minandovoy.com\/?post_type=product&#038;p=4957"},"modified":"2025-05-09T14:47:02","modified_gmt":"2025-05-09T12:47:02","slug":"ibelink-bm-n3-max-ckb-miner-30-th-nervos","status":"publish","type":"product","link":"https:\/\/pruebas.michollo.to\/zh\/product\/ibelink-bm-n3-max-ckb-miner-30-th-nervos\/","title":{"rendered":"iBeLink BM-N3 \u6700\u5927 CKB \u77ff\u5de5 30 Th\uff08Nervos\uff09"},"content":{"rendered":"<p>\u01de\u01de\u01de <strong>iBeLink BM-N3 Max<\/strong>, fabricado por iBeLink, es un destacado minero de <strong>\u795e\u7ecf<\/strong> dise\u00f1ado especialmente para el algoritmo Eaglesong. Este ASIC tiene una velocidad de hash m\u00e1xima de <strong>30Th\/s<\/strong> y consume solo <strong>3300W.<\/strong> Equipado con 4 ventiladores de alta velocidad para la disipaci\u00f3n del calor y un enfriamiento eficiente, el iBeLink BM-N3 Max ofrece una eficiencia energ\u00e9tica de 110j\/Th.<\/p>\n<p>Lanzado en abril de 2024 por iBeLink, el <strong>BM-N3 Max<\/strong> es un notable minero de Nervos que opera con el algoritmo Eaglesong. Con un dise\u00f1o est\u00e1ndar en la industria y amigable para el usuario, un tama\u00f1o compacto y un peso conveniente de 12.2 kg, este ASIC es c\u00f3modo para minar desde cualquier lugar.<\/p>\n<p>La temperatura atmosf\u00e9rica ideal para el BM-N3 Max es de 0 a 40 \u00b0C.<\/p>\n<p>&nbsp;<\/p>\n<p>&nbsp;<\/p>\n<p>&nbsp;<\/p>\n<p>&nbsp;<\/p>","protected":false},"excerpt":{"rendered":"<p>El iBeLink BM-N3 Max, fabricado por iBeLink, es un destacado minero de Nervos dise\u00f1ado especialmente para el algoritmo Eaglesong. Este ASIC tiene una velocidad de hash m\u00e1xima de 30Th\/s y consume solo 3300W. Equipado con 4 ventiladores de alta velocidad para la disipaci\u00f3n del calor y un enfriamiento eficiente, el iBeLink BM-N3 Max ofrece una [&hellip;]<\/p>\n","protected":false},"featured_media":3539,"comment_status":"open","ping_status":"closed","template":"","meta":[],"product_brand":[],"product_cat":[19],"product_tag":[138],"class_list":{"0":"post-4957","1":"product","2":"type-product","3":"status-publish","4":"has-post-thumbnail","6":"product_cat-mineros","7":"product_tag-mineros-para-avanzados","9":"first","10":"outofstock","11":"taxable","12":"shipping-taxable","13":"purchasable","14":"product-type-simple"},"_links":{"self":[{"href":"https:\/\/pruebas.michollo.to\/zh\/wp-json\/wp\/v2\/product\/4957","targetHints":{"allow":["GET"]}}],"collection":[{"href":"https:\/\/pruebas.michollo.to\/zh\/wp-json\/wp\/v2\/product"}],"about":[{"href":"https:\/\/pruebas.michollo.to\/zh\/wp-json\/wp\/v2\/types\/product"}],"replies":[{"embeddable":true,"href":"https:\/\/pruebas.michollo.to\/zh\/wp-json\/wp\/v2\/comments?post=4957"}],"wp:featuredmedia":[{"embeddable":true,"href":"https:\/\/pruebas.michollo.to\/zh\/wp-json\/wp\/v2\/media\/3539"}],"wp:attachment":[{"href":"https:\/\/pruebas.michollo.to\/zh\/wp-json\/wp\/v2\/media?parent=4957"}],"wp:term":[{"taxonomy":"product_brand","embeddable":true,"href":"https:\/\/pruebas.michollo.to\/zh\/wp-json\/wp\/v2\/product_brand?post=4957"},{"taxonomy":"product_cat","embeddable":true,"href":"https:\/\/pruebas.michollo.to\/zh\/wp-json\/wp\/v2\/product_cat?post=4957"},{"taxonomy":"product_tag","embeddable":true,"href":"https:\/\/pruebas.michollo.to\/zh\/wp-json\/wp\/v2\/product_tag?post=4957"}],"curies":[{"name":"wp","href":"https:\/\/api.w.org\/{rel}","templated":true}]}}