{"id":5204,"date":"2024-07-03T13:16:40","date_gmt":"2024-07-03T15:16:40","guid":{"rendered":"https:\/\/www.minandovoy.com\/?post_type=product&#038;p=5204"},"modified":"2026-02-23T13:14:42","modified_gmt":"2026-02-23T12:14:42","slug":"nueva-antminer-s21-xp-270th","status":"publish","type":"product","link":"https:\/\/pruebas.michollo.to\/zh\/product\/nueva-antminer-s21-xp-270th\/","title":{"rendered":"Antminer S21 XP 270TH"},"content":{"rendered":"<h2>Antminer S21 270Th<\/h2>\n<p>\u8682\u8681\u77ff\u5de5 S21 \u65b0\u673a\u5668 <a href=\"https:\/\/www.minandovoy.com\/categoria\/mineros\/?algoritmos=sha-256\">\u6bd4\u7279\u5e01\u5f00\u91c7<\/a> (SHA-256) con un poder computacional de 270T y un consumo el\u00e9ctrico de\u00a0 3645W\/Hora.<\/p>\n<p>Este minero se emitir\u00e1 en marzo de 2024.<\/p>\n<div class=\"asicminer-widget-container\" style=\"width: 100%; min-height: 300px;\">\n            <iframe id=\"asicminer-widget-8939\" \n                    src=\"https:\/\/pruebas.michollo.to\/wp-content\/themes\/minandovoy\/proxy-widget.php?miner=bitmain\/antmine-s21-xp-270th&#038;type=profit&#038;theme=dark\" \n                    width=\"100%\" \n                    height=\"300\" \n                    frameborder=\"0\"\n                    loading=\"lazy\"\n                    style=\"border: none; overflow: hidden;\"\n                    title=\"ASIC Miner Widget\">\n            <\/iframe>\n        <\/div>\n<h3><b>\u4ec0\u4e48\u662fBitmain\uff1f<\/b><\/h3>\n<p><em>\u6bd4\u7279\u66fc<\/em>\u00a0\u662f\u4e00\u5bb6\u4f4d\u4e8e\u4e2d\u56fd\u5317\u4eac\u7684\u516c\u53f8\u3002\u5b83\u88ab\u8ba4\u4e3a\u662f\u52a0\u5bc6\u8d27\u5e01\u884c\u4e1a\u4e2d\u6700\u91cd\u8981\u7684\u516c\u53f8\u4e4b\u4e00\uff0c\u56e0\u4e3a\u5b83\u751f\u4ea7\u4e86\u5177\u6709\u5de8\u5927\u91c7\u77ff\u80fd\u529b\u7684\u9ad8\u8d28\u91cf\u91c7\u77ff\u786c\u4ef6\uff0c\u5e76\u53d6\u5f97\u4e86\u6280\u672f\u8fdb\u6b65\u3002\u5b83\u662f\u4e16\u754c\u4e0a\u6700\u5927\u7684\u52a0\u5bc6\u8d27\u5e01\u91c7\u77ff\u8bbe\u5907\u8bbe\u8ba1\u8005\u3002\u00a0<em>ASIC<\/em>\u00a0\u7528\u4e8e\u91c7\u77ff\u00a0<em>\u6bd4\u7279\u5e01<\/em>.<\/p>\n<p>Bitmain\u4e3b\u8981\u4ee5\u5176\u6bd4\u7279\u5e01\u786c\u4ef6\u800c\u95fb\u540d\uff0c\u5c3d\u7ba1\u5b83\u5bf9\u4e3a\u5176\u4e1a\u52a1\u5e26\u6765\u7a33\u56fa\u6027\u7684\u9879\u76ee\u611f\u5174\u8da3\uff0c\u5982\u4ee5\u592a\u574a\/\u4ee5\u592a\u574a\u7ecf\u5178\u3002<\/p>\n<p>2021\u5e744\u6708\uff0c\u8fd9\u5bb6\u5927\u5236\u9020\u5546\u5ba3\u5e03\u63a8\u51faEthreum\u77ff\u673aAntminer E9\u3002 \u8fd9\u4e2a\u771f\u6b63\u7684\u91ce\u517d\u62e5\u6709\u76f8\u5f53\u4e8e25\u4e2aNvidia RTX 3080 GPU\u7684\u80fd\u529b\u3002<\/p>\n<h3><strong>\u5c0f\u7f16\u4e86\u89e3\u5230 <a href=\"https:\/\/coinmarketcap.com\/es\/currencies\/bitcoin\/\">BITCOIN<\/a><\/strong><\/h3>\n<p>\u5b83\u662f\u7b2c\u4e00\u4e2a\u88ab\u5f00\u53d1\u7684\u52a0\u5bc6\u8d27\u5e01\uff0c\u56e0\u6b64\uff0c\u5b83\u4e3a\u540e\u6765\u4f7f\u7528\u5176\u533a\u5757\u94fe\u6280\u672f\u7684\u6240\u6709\u5176\u4ed6\u8d27\u5e01\u94fa\u5e73\u4e86\u9053\u8def\u3002<\/p>\n<p>\u6bcf\u5e74\u6709\u4e00\u4e2a\u6bd4\u7279\u5e01\u7684\u53d1\u884c\u91cf\uff0c\u8fd9\u4e2a\u91cf\u662f\u7531\u4ed6\u4eec\u7684\u7b97\u6cd5\u51b3\u5b9a\u7684\uff0c\u6bcf4\u5e74\u4ed6\u4eec\u7684\u4ea7\u91cf\u4f1a\u51cf\u5c112\u4e2a\uff0c\u6240\u4ee5\u603b\u5171\u53ea\u53d1\u884c2100\u4e07\u4e2a\u6bd4\u7279\u5e01\u3002<\/p>\n<p>\u8fd9\u662f\u4e0e\u4f20\u7edf\u8d27\u5e01\u7684\u6700\u5927\u533a\u522b\uff0c\u56e0\u4e3a\u94f6\u884c\u4f1a\u6539\u53d8\u4ef7\u503c\u3002\u8fd9\u610f\u5473\u7740\u52a0\u5bc6\u8d27\u5e01\uff0c\u5728\u8fd9\u79cd\u60c5\u51b5\u4e0b\uff0c\u6bd4\u7279\u5e01\u53ef\u4ee5\u63d0\u4f9b\u66f4\u591a\u7684\u7a33\u5b9a\u6027\uff0c\u800c\u4f20\u7edf\u8d27\u5e01\u5219\u4f1a\u8d2c\u503c\u3002<\/p>\n<p>\u4eca\u5929\uff0c\u52a0\u5bc6\u8d27\u5e01\u5728\u8bb8\u591a\u5e73\u53f0\u4e0a\u88ab\u7528\u4f5c\u4e00\u79cd\u652f\u4ed8\u65b9\u5f0f\uff0c\u5927\u591a\u6570\u60c5\u51b5\u4e0b\u7684\u4ea4\u6362\u8d27\u5e01\u662f\u6bd4\u7279\u5e01\uff0c\u56e0\u4e3a\u5b83\u4eec\u662f\u5b89\u5168\u548c\u79c1\u6709\u7684\u3002<\/p>\n<p>Garant\u00eda total de 1 a\u00f1o.Protege tanto piezas como mano de obra y te da acceso a nuestro soporte t\u00e9cnico especializado. Ante cualquier incidencia, solo tienes que abrir un ticket en tu \u00e1rea de cliente: nos ocupamos de la reparaci\u00f3n o sustituci\u00f3n sin coste a\u00f1adido.<\/p>\n<p>&nbsp;<\/p>\n<h3><strong>\u6bd4\u7279\u5e01\u7684\u4e3b\u8981\u4f18\u52bf<\/strong><\/h3>\n<ol>\n<li>\u901f\u5ea6\uff1a\u65e0\u8bba\u91d1\u989d\u548c\u76ee\u7684\u5730\u5982\u4f55\uff0c\u90fd\u53ef\u4ee5\u5728\u51e0\u5206\u949f\u5185\u628a\u94b1\u5bc4\u7ed9\u81ea\u5df1\u3002<\/li>\n<li>\u4ef7\u683c\u4f4e\u5ec9\uff1a\u5f53\u901a\u8fc7\u94f6\u884c\u8fdb\u884c\u8f6c\u8d26\u65f6\uff0c\u53ef\u80fd\u4f1a\u82b1\u8d39\u5f88\u591a\u94b1\uff0c\u800c\u901a\u8fc7\u6bd4\u7279\u5e01\uff0c\u8d39\u7528\u662f\u514d\u8d39\u7684\uff0c\u6216\u8005\u53ea\u6709\u51e0\u5206\u94b1\u3002<\/li>\n<li>\u5168\u7403\uff1a\u4f60\u53ef\u4ee5\u5728\u4e16\u754c\u4efb\u4f55\u5730\u65b9\u53d1\u9001\uff0c\u5b83\u6ca1\u6709\u56fd\u754c\u3002<\/li>\n<li>\u53bb\u4e2d\u5fc3\u5316\uff1a\u6ca1\u6709\u653f\u5e9c\/\u94f6\u884c\u53ef\u4ee5\u63a7\u5236\u5b83\uff0c\u65e0\u8bba\u662f\u5728\u5b83\u7684\u521b\u9020\u8fd8\u662f\u5206\u914d\u65b9\u9762\u3002<\/li>\n<li>\u6240\u6709\u6743\uff1a\u94b1\u5c5e\u4e8e\u4f60100%\uff0c\u4efb\u4f55\u4eba\u90fd\u4e0d\u80fd\u52a8\u7528\uff0c\u4f60\u5c31\u662f\u4f60\u81ea\u5df1\u7684\u94f6\u884c\u3002<\/li>\n<li>\u900f\u660e\u7684\u3002  \u6240\u6709\u4ea4\u6613\u90fd\u662f\u516c\u5f00\u7684\uff0c\u4f46\u603b\u662f\u7528\u5047\u540d\u3002<\/li>\n<li>\u6709\u9650\u7684\u53d1\u884c\u91cf\uff1a\u6ca1\u6709\u4eba\u53ef\u4ee5\u4ec5\u4ec5\u56e0\u4e3a\u4ed6\u4eec\u89c9\u5f97\u559c\u6b22\u800c\u4ea7\u751f\u6210\u5343\u4e0a\u4e07\u7684\u6bd4\u7279\u5e01\uff0c\u5b83\u4eec\u7684\u51fa\u73b0\u8981\u611f\u8c22\u91c7\u77ff\u3002<\/li>\n<li>\u79c1\u5bc6\u6027\uff1a\u6bd4\u7279\u5e01\u8bd5\u56fe\u5728\u5f88\u9ad8\u7684\u7a0b\u5ea6\u4e0a\u4fdd\u62a4\u9690\u79c1\uff0c\u5c3d\u7ba1\u5b83\u4e0d\u662f\u5b8c\u5168\u533f\u540d\u7684\uff0c\u5e76\u52aa\u529b\u505a\u5230\u8fd9\u4e00\u70b9\u3002<\/li>\n<\/ol>","protected":false},"excerpt":{"rendered":"<p>Antminer S21 270Th Antminer S21 la nueva m\u00e1quina para la miner\u00eda de Bitcoin (SHA-256) con un poder computacional de 270T y un consumo el\u00e9ctrico de\u00a0 3645W\/Hora. Este minero se emitir\u00e1 en marzo de 2024. \u00bfQu\u00e9 es Bitmain? Bitmain\u00a0es una compa\u00f1\u00eda con sede en Beijing, China. Es considerada una de las compa\u00f1\u00edas m\u00e1s importantes en la [&hellip;]<\/p>\n","protected":false},"featured_media":2557,"comment_status":"open","ping_status":"closed","template":"","meta":[],"product_brand":[],"product_cat":[19],"product_tag":[52,28,244,138,139,606],"class_list":{"0":"post-5204","1":"product","2":"type-product","3":"status-publish","4":"has-post-thumbnail","6":"product_cat-mineros","7":"product_tag-asic","8":"product_tag-bitcoin","9":"product_tag-gme","10":"product_tag-mineros-para-avanzados","11":"product_tag-mineros-para-expertos","12":"product_tag-top-rentables","14":"first","15":"instock","16":"featured","17":"taxable","18":"shipping-taxable","19":"purchasable","20":"product-type-simple"},"_links":{"self":[{"href":"https:\/\/pruebas.michollo.to\/zh\/wp-json\/wp\/v2\/product\/5204","targetHints":{"allow":["GET"]}}],"collection":[{"href":"https:\/\/pruebas.michollo.to\/zh\/wp-json\/wp\/v2\/product"}],"about":[{"href":"https:\/\/pruebas.michollo.to\/zh\/wp-json\/wp\/v2\/types\/product"}],"replies":[{"embeddable":true,"href":"https:\/\/pruebas.michollo.to\/zh\/wp-json\/wp\/v2\/comments?post=5204"}],"wp:featuredmedia":[{"embeddable":true,"href":"https:\/\/pruebas.michollo.to\/zh\/wp-json\/wp\/v2\/media\/2557"}],"wp:attachment":[{"href":"https:\/\/pruebas.michollo.to\/zh\/wp-json\/wp\/v2\/media?parent=5204"}],"wp:term":[{"taxonomy":"product_brand","embeddable":true,"href":"https:\/\/pruebas.michollo.to\/zh\/wp-json\/wp\/v2\/product_brand?post=5204"},{"taxonomy":"product_cat","embeddable":true,"href":"https:\/\/pruebas.michollo.to\/zh\/wp-json\/wp\/v2\/product_cat?post=5204"},{"taxonomy":"product_tag","embeddable":true,"href":"https:\/\/pruebas.michollo.to\/zh\/wp-json\/wp\/v2\/product_tag?post=5204"}],"curies":[{"name":"wp","href":"https:\/\/api.w.org\/{rel}","templated":true}]}}