{"id":5408,"date":"2024-07-23T11:12:11","date_gmt":"2024-07-23T09:12:11","guid":{"rendered":"https:\/\/www.minandovoy.com\/?post_type=product&#038;p=5408"},"modified":"2025-05-13T17:07:57","modified_gmt":"2025-05-13T15:07:57","slug":"alph-al0-nueva","status":"publish","type":"product","link":"https:\/\/pruebas.michollo.to\/zh\/product\/alph-al0-nueva\/","title":{"rendered":"Iceriver AL0"},"content":{"rendered":"<p>\u6a21\u5f0f <strong>ALPH AL0<\/strong> \u4ece <strong>\u51b0\u6cb3<\/strong> es un minero ASIC de \u00faltima generaci\u00f3n dise\u00f1ado para el algoritmo <strong>Blake3<\/strong>. Con un hashrate m\u00e1ximo de <strong>400Gh\/s<\/strong> y un consumo de energ\u00eda de solo<strong> 100W,<\/strong> este minero es extremadamente eficiente y rentable, ideal para operaciones mineras en casa o en granjas de mayor escala. Su lanzamiento est\u00e1 previsto para agosto de <strong>2024.<\/strong><\/p>\n<h4>\u89c4\u683c<\/h4>\n<ul>\n<li><strong>Fabricante:<\/strong> \u51b0\u6cb3<\/li>\n<li><strong>Modelo:<\/strong> ALPH AL0<\/li>\n<li><strong>Lanzamiento:<\/strong> Agosto 2024<\/li>\n<li><strong>Tama\u00f1o:<\/strong> 200 x 194 x 74 mm<\/li>\n<li><strong>Peso:<\/strong> 2500 g<\/li>\n<li><strong>Nivel de ruido:<\/strong> 50 db<\/li>\n<li><strong>Consumo de energ\u00eda:<\/strong> 100W<\/li>\n<li><strong>Voltaje:<\/strong> 100-240V<\/li>\n<li><strong>Interfaz:<\/strong> \u4ee5\u592a\u7f51<\/li>\n<li><strong>Temperatura de operaci\u00f3n:<\/strong> 5 &#8211; 40 \u00b0C<\/li>\n<li><strong>Humedad:<\/strong> 5 &#8211; 65%<\/li>\n<\/ul>\n<h4>Monedas minables<\/h4>\n<h4><strong>ALPH (Alephium)<\/strong><\/h4>\n<h4><strong>DCR (Decred)<\/strong><\/h4>","protected":false},"excerpt":{"rendered":"<p>El modelo ALPH AL0 de IceRiver es un minero ASIC de \u00faltima generaci\u00f3n dise\u00f1ado para el algoritmo Blake3. Con un hashrate m\u00e1ximo de 400Gh\/s y un consumo de energ\u00eda de solo 100W, este minero es extremadamente eficiente y rentable, ideal para operaciones mineras en casa o en granjas de mayor escala. Su lanzamiento est\u00e1 previsto [&hellip;]<\/p>\n","protected":false},"featured_media":3993,"comment_status":"open","ping_status":"closed","template":"","meta":[],"product_brand":[],"product_cat":[19],"product_tag":[52,244,137],"class_list":{"0":"post-5408","1":"product","2":"type-product","3":"status-publish","4":"has-post-thumbnail","6":"product_cat-mineros","7":"product_tag-asic","8":"product_tag-gme","9":"product_tag-mineros-para-principiantes","11":"first","12":"instock","13":"sale","14":"taxable","15":"shipping-taxable","16":"purchasable","17":"product-type-simple"},"_links":{"self":[{"href":"https:\/\/pruebas.michollo.to\/zh\/wp-json\/wp\/v2\/product\/5408","targetHints":{"allow":["GET"]}}],"collection":[{"href":"https:\/\/pruebas.michollo.to\/zh\/wp-json\/wp\/v2\/product"}],"about":[{"href":"https:\/\/pruebas.michollo.to\/zh\/wp-json\/wp\/v2\/types\/product"}],"replies":[{"embeddable":true,"href":"https:\/\/pruebas.michollo.to\/zh\/wp-json\/wp\/v2\/comments?post=5408"}],"wp:featuredmedia":[{"embeddable":true,"href":"https:\/\/pruebas.michollo.to\/zh\/wp-json\/wp\/v2\/media\/3993"}],"wp:attachment":[{"href":"https:\/\/pruebas.michollo.to\/zh\/wp-json\/wp\/v2\/media?parent=5408"}],"wp:term":[{"taxonomy":"product_brand","embeddable":true,"href":"https:\/\/pruebas.michollo.to\/zh\/wp-json\/wp\/v2\/product_brand?post=5408"},{"taxonomy":"product_cat","embeddable":true,"href":"https:\/\/pruebas.michollo.to\/zh\/wp-json\/wp\/v2\/product_cat?post=5408"},{"taxonomy":"product_tag","embeddable":true,"href":"https:\/\/pruebas.michollo.to\/zh\/wp-json\/wp\/v2\/product_tag?post=5408"}],"curies":[{"name":"wp","href":"https:\/\/api.w.org\/{rel}","templated":true}]}}