{"id":607,"date":"2022-10-25T07:05:21","date_gmt":"2022-10-25T11:05:21","guid":{"rendered":"https:\/\/pruebas.michollo.to\/?post_type=product&#038;p=607"},"modified":"2025-05-09T14:47:25","modified_gmt":"2025-05-09T12:47:25","slug":"riser","status":"publish","type":"product","link":"https:\/\/pruebas.michollo.to\/zh\/product\/\u7acb\u7ba1\/","title":{"rendered":"\u91c7\u77ff\u7528\u4e2d\u578b\u6563\u8d27\u7bb1\u7684\u7acb\u7ba1"},"content":{"rendered":"<p>\u4f7f\u7528MinandoVoy Risers\uff0c\u4e3a\u60a8\u7684\u8bbe\u5907\u83b7\u5f97\u6700\u4f73\u786c\u4ef6\u3002<\/p>\n<p>\u6211\u4eec\u7684\u5de5\u5177\u5305\u662f\u8bbe\u7f6eRIG\u91c7\u77ff\u8bbe\u5907\u7684\u6700\u4f73\u89e3\u51b3\u65b9\u6848\uff0c\u5b83\u5305\u542b\u4e86\uff1a<\/p>\n<ul>\n<li>\u56db\u4e2a\u9ad8\u8d28\u91cf\u7684\u56fa\u6001\u7535\u5bb9\u3002<\/li>\n<li>6\u9488\u5230SATA\u7684\u7535\u6e90\u7ebf\uff0c\u529f\u7387\u66f4\u5927\uff0c\u4ece\u800c\u964d\u4f4e\u4e86\u4e3b\u677f\u7684\u8d1f\u8377\u3002<\/li>\n<li>USB 3.0\u7535\u7f06\u957f60\u5398\u7c73\uff0c\u63d0\u4f9b\u9ad8\u8d28\u91cf\u548c\u66f4\u597d\u7684\u901f\u5ea6\u3002<\/li>\n<li>\u9ad8\u8d28\u91cf\u7684\u63d2\u69fd\uff0c\u4fbf\u4e8e\u5b89\u88c5\u548c\u62c6\u5378\u663e\u5361\uff0c\u6709\u4e00\u4e2a\u767d\u8272\u7684\u56fa\u5b9a\u5668\uff0c\u4f7fGPU\u4e0d\u4f1a\u4ece\u63d2\u69fd\u4e2d\u6ed1\u51fa\u3002<\/li>\n<\/ul>\n<p><img loading=\"lazy\" decoding=\"async\" class=\"size-medium wp-image-610 aligncenter\" src=\"https:\/\/pruebas.michollo.to\/wp-content\/uploads\/2022\/10\/IMG_2071-300x225.jpg\" alt=\"\" width=\"300\" height=\"225\" srcset=\"https:\/\/pruebas.michollo.to\/wp-content\/uploads\/2022\/10\/IMG_2071-300x225.jpg 300w, https:\/\/pruebas.michollo.to\/wp-content\/uploads\/2022\/10\/IMG_2071-scaled-600x450.jpg 600w, https:\/\/pruebas.michollo.to\/wp-content\/uploads\/2022\/10\/IMG_2071-1024x768.jpg 1024w, https:\/\/pruebas.michollo.to\/wp-content\/uploads\/2022\/10\/IMG_2071-768x576.jpg 768w, https:\/\/pruebas.michollo.to\/wp-content\/uploads\/2022\/10\/IMG_2071-1536x1152.jpg 1536w, https:\/\/pruebas.michollo.to\/wp-content\/uploads\/2022\/10\/IMG_2071-2048x1536.jpg 2048w, https:\/\/pruebas.michollo.to\/wp-content\/uploads\/2022\/10\/IMG_2071-1200x900.jpg 1200w, https:\/\/pruebas.michollo.to\/wp-content\/uploads\/2022\/10\/IMG_2071-1980x1485.jpg 1980w, https:\/\/pruebas.michollo.to\/wp-content\/uploads\/2022\/10\/IMG_2071-20x15.jpg 20w, https:\/\/pruebas.michollo.to\/wp-content\/uploads\/2022\/10\/IMG_2071-56x42.jpg 56w, https:\/\/pruebas.michollo.to\/wp-content\/uploads\/2022\/10\/IMG_2071-28x21.jpg 28w, https:\/\/pruebas.michollo.to\/wp-content\/uploads\/2022\/10\/IMG_2071-73x55.jpg 73w, https:\/\/pruebas.michollo.to\/wp-content\/uploads\/2022\/10\/IMG_2071-170x128.jpg 170w, https:\/\/pruebas.michollo.to\/wp-content\/uploads\/2022\/10\/IMG_2071-65x49.jpg 65w, https:\/\/pruebas.michollo.to\/wp-content\/uploads\/2022\/10\/IMG_2071-92x69.jpg 92w, https:\/\/pruebas.michollo.to\/wp-content\/uploads\/2022\/10\/IMG_2071-50x38.jpg 50w, https:\/\/pruebas.michollo.to\/wp-content\/uploads\/2022\/10\/IMG_2071-247x185.jpg 247w, https:\/\/pruebas.michollo.to\/wp-content\/uploads\/2022\/10\/IMG_2071-19x14.jpg 19w, https:\/\/pruebas.michollo.to\/wp-content\/uploads\/2022\/10\/IMG_2071-284x213.jpg 284w\" sizes=\"auto, (max-width: 300px) 100vw, 300px\" \/><\/p>\n<p>\u5bf9KIT\u7684\u5185\u5bb9\u8fdb\u884c\u6d4b\u91cf\uff1a<\/p>\n<ul>\n<li>Sata\u7535\u7f06\uff1a20 CM<\/li>\n<li>USB 3.0\u7535\u7f06\uff1a60CM<\/li>\n<li>\u7ad6\u7ba1\uff1a12.5CM x 4.5 CM<\/li>\n<li>USB-PCI\u8fde\u63a5\u5668\uff1a3.2CM<\/li>\n<\/ul>","protected":false},"excerpt":{"rendered":"<p>M\u00f3ntale el mejor Hardware a tu equipo, con los Risers de MinandoVoy. Nuestro Kit es la mejor soluci\u00f3n para configurar tu equipo de miner\u00eda RIG, contiene: Cuatro condesadores s\u00f3lidos de alta calidad. 6 pines a SATA para cable de alimentaci\u00f3n con m\u00e1s potencia, por lo que reduce de esta manera la carga de la placa [&hellip;]<\/p>\n","protected":false},"featured_media":609,"comment_status":"open","ping_status":"closed","template":"","meta":[],"product_brand":[],"product_cat":[20],"product_tag":[],"class_list":{"0":"post-607","1":"product","2":"type-product","3":"status-publish","4":"has-post-thumbnail","6":"product_cat-componentes","8":"first","9":"outofstock","10":"sale","11":"downloadable","12":"virtual","13":"taxable","14":"purchasable","15":"product-type-simple"},"_links":{"self":[{"href":"https:\/\/pruebas.michollo.to\/zh\/wp-json\/wp\/v2\/product\/607","targetHints":{"allow":["GET"]}}],"collection":[{"href":"https:\/\/pruebas.michollo.to\/zh\/wp-json\/wp\/v2\/product"}],"about":[{"href":"https:\/\/pruebas.michollo.to\/zh\/wp-json\/wp\/v2\/types\/product"}],"replies":[{"embeddable":true,"href":"https:\/\/pruebas.michollo.to\/zh\/wp-json\/wp\/v2\/comments?post=607"}],"wp:featuredmedia":[{"embeddable":true,"href":"https:\/\/pruebas.michollo.to\/zh\/wp-json\/wp\/v2\/media\/609"}],"wp:attachment":[{"href":"https:\/\/pruebas.michollo.to\/zh\/wp-json\/wp\/v2\/media?parent=607"}],"wp:term":[{"taxonomy":"product_brand","embeddable":true,"href":"https:\/\/pruebas.michollo.to\/zh\/wp-json\/wp\/v2\/product_brand?post=607"},{"taxonomy":"product_cat","embeddable":true,"href":"https:\/\/pruebas.michollo.to\/zh\/wp-json\/wp\/v2\/product_cat?post=607"},{"taxonomy":"product_tag","embeddable":true,"href":"https:\/\/pruebas.michollo.to\/zh\/wp-json\/wp\/v2\/product_tag?post=607"}],"curies":[{"name":"wp","href":"https:\/\/api.w.org\/{rel}","templated":true}]}}