{"id":8639,"date":"2024-09-30T17:33:26","date_gmt":"2024-09-30T15:33:26","guid":{"rendered":"https:\/\/www.minandovoy.com\/?post_type=product&#038;p=8639"},"modified":"2025-08-06T17:53:32","modified_gmt":"2025-08-06T15:53:32","slug":"goldshell-al-box-iii","status":"publish","type":"product","link":"https:\/\/pruebas.michollo.to\/zh\/product\/goldshell-al-box-iii\/","title":{"rendered":"Goldshell AL-BOX III"},"content":{"rendered":"<p>\u01de\u01de\u01de<strong> Goldshell AL BOX III <\/strong>representa una actualizaci\u00f3n de su predecesor, el <strong>Goldshell AL BOX<\/strong>, que cuenta con el doble de hashrate y, en consecuencia, duplica las ganancias. Dise\u00f1ado para la miner\u00eda de monedas<strong> ALPH<\/strong>, el minero ASIC Goldshell AL Box <strong>1.25 Th\/s 600W<\/strong> destaca por su eficiencia para las operaciones mineras dom\u00e9sticas. Su combinaci\u00f3n de rendimiento potente y eficiencia energ\u00e9tica lo convierte en una opci\u00f3n excelente para quienes buscan mejorar la rentabilidad y al mismo tiempo reducir los gastos operativos.<\/p>\n<div class=\"asicminer-widget-container\" style=\"width: 100%; min-height: 300px;\">\n            <iframe id=\"asicminer-widget-1761\" \n                    src=\"https:\/\/pruebas.michollo.to\/wp-content\/themes\/minandovoy\/proxy-widget.php?miner=goldshell\/al-box-iii&#038;type=profit&#038;theme=dark\" \n                    width=\"100%\" \n                    height=\"300\" \n                    frameborder=\"0\"\n                    loading=\"lazy\"\n                    style=\"border: none; overflow: hidden;\"\n                    title=\"ASIC Miner Widget\">\n            <\/iframe>\n        <\/div>\n<p>\u89c4\u683c<br \/>\nFabricante: Goldshell<br \/>\nModelo: Goldshell AL BOX III<br \/>\nTambi\u00e9n conocido como: Goldshell AL BOX III &#8211; ALPH (Alephium) Miner<br \/>\nFecha de lanzamiento: Septiembre 2024<br \/>\nTama\u00f1o: 300 x 200 x 142 mm<br \/>\nPeso: 3100 g<br \/>\nNivel de ruido: 55 db<br \/>\nVentiladores: 2<br \/>\nTasa de hash: 1.25 Th<br \/>\nConsumo: 600 W<br \/>\nConexi\u00f3n: Ethernet<br \/>\nTemperatura de operaci\u00f3n: 5 &#8211; 35 \u00b0C<\/p>","protected":false},"excerpt":{"rendered":"<p>El Goldshell AL BOX III representa una actualizaci\u00f3n de su predecesor, el Goldshell AL BOX, que cuenta con el doble de hashrate y, en consecuencia, duplica las ganancias. Dise\u00f1ado para la miner\u00eda de monedas ALPH, el minero ASIC Goldshell AL Box 1.25 Th\/s 600W destaca por su eficiencia para las operaciones mineras dom\u00e9sticas. Su combinaci\u00f3n [&hellip;]<\/p>\n","protected":false},"featured_media":3936,"comment_status":"open","ping_status":"closed","template":"","meta":[],"product_brand":[],"product_cat":[19],"product_tag":[244,53,138,137],"class_list":{"0":"post-8639","1":"product","2":"type-product","3":"status-publish","4":"has-post-thumbnail","6":"product_cat-mineros","7":"product_tag-gme","8":"product_tag-goldshell-miner","9":"product_tag-mineros-para-avanzados","10":"product_tag-mineros-para-principiantes","12":"first","13":"outofstock","14":"featured","15":"taxable","16":"shipping-taxable","17":"purchasable","18":"product-type-simple"},"_links":{"self":[{"href":"https:\/\/pruebas.michollo.to\/zh\/wp-json\/wp\/v2\/product\/8639","targetHints":{"allow":["GET"]}}],"collection":[{"href":"https:\/\/pruebas.michollo.to\/zh\/wp-json\/wp\/v2\/product"}],"about":[{"href":"https:\/\/pruebas.michollo.to\/zh\/wp-json\/wp\/v2\/types\/product"}],"replies":[{"embeddable":true,"href":"https:\/\/pruebas.michollo.to\/zh\/wp-json\/wp\/v2\/comments?post=8639"}],"wp:featuredmedia":[{"embeddable":true,"href":"https:\/\/pruebas.michollo.to\/zh\/wp-json\/wp\/v2\/media\/3936"}],"wp:attachment":[{"href":"https:\/\/pruebas.michollo.to\/zh\/wp-json\/wp\/v2\/media?parent=8639"}],"wp:term":[{"taxonomy":"product_brand","embeddable":true,"href":"https:\/\/pruebas.michollo.to\/zh\/wp-json\/wp\/v2\/product_brand?post=8639"},{"taxonomy":"product_cat","embeddable":true,"href":"https:\/\/pruebas.michollo.to\/zh\/wp-json\/wp\/v2\/product_cat?post=8639"},{"taxonomy":"product_tag","embeddable":true,"href":"https:\/\/pruebas.michollo.to\/zh\/wp-json\/wp\/v2\/product_tag?post=8639"}],"curies":[{"name":"wp","href":"https:\/\/api.w.org\/{rel}","templated":true}]}}