{"id":938,"date":"2022-11-15T09:32:09","date_gmt":"2022-11-15T11:32:09","guid":{"rendered":"https:\/\/www.minandovoy.com\/?post_type=product&#038;p=938"},"modified":"2025-05-09T14:47:21","modified_gmt":"2025-05-09T12:47:21","slug":"blackminer-l1","status":"publish","type":"product","link":"https:\/\/pruebas.michollo.to\/zh\/product\/\u9ed1\u77ff\u673al1\/","title":{"rendered":"\u84dd\u661f\u9ed1\u77ff\u673a L1"},"content":{"rendered":"<p>\u8fd9\u53f0\u673a\u5668\u4f4d\u4e8e <a href=\"https:\/\/www.asicminervalue.com\/\">\u524d\u5341\u540d<\/a> \u66f4\u5177\u6210\u672c\u6548\u76ca\u7684\u673a\u5668\uff0c\u5360\u636e\u4e86<br \/>\n\u7b2c9\u540d\u662f4.3Gh\u7684Blackminer L1\uff0c\u4e0a\u9762\u662fAntminer S19 Pro Hyd 177Th Bitcoin\uff0c\u6240\u4ee5\u6211\u4eec\u53ef\u4ee5\u8bf4<br \/>\n\u8fd9\u53f0\u673a\u5668\u8fdb\u5165\u4e86\u524d10\u540d\u3002<br \/>\n\u8ba9\u6211\u4eec\u5927\u81f4\u8c08\u8c08Blackminer L1\u7684\u7279\u70b9\u3002<br \/>\n\u5c31\u76ee\u524d\u800c\u8a00\uff0c\u5b83\u662f\u5e02\u573a\u4e0a\u6700\u5f3a\u5927\u7684\u8054\u5408\u91c7\u77ffASIC\u4e4b\u4e00\uff0c\u6211\u4eec\u6b63\u5728\u8c08\u8bba\u7684\u662f<br \/>\n\u83b1\u7279\u5e01+\u72d7\u5e01\u3002<\/p>\n<h4><em><strong>\u6211\u4eec\u90fd\u77e5\u9053\u6bd4\u7279\u5e01\uff0c\u4e0d\u662f\u5417\uff1f\u90a3\u4e48\uff0c\u4f60\u53ef\u80fd\u5bf9\u8fd9\u4e2a\u611f\u5174\u8da3\u3002<\/strong><\/em><\/h4>\n<p>\u83b1\u7279\u5e01\u6700\u521d\u662f\u6bd4\u7279\u5e01\u7684\u4e00\u4e2a\u5206\u53c9\uff0c\u4e5f\u662f\u6bd4\u7279\u5e01\u6700\u5e7f\u6cdb\u4f7f\u7528\u7684\u5206\u53c9\u4e4b\u4e00\u3002<br \/>\n\u52a0\u5bc6\u8d27\u5e01\uff0c\u901a\u8fc7\u7528ASIC\u6316\u77ff\uff0c\u53ef\u4ee5\u4fdd\u8bc1\u76c8\u5229\u3002<br \/>\n\u7ecf\u8425\u8005\u3002<\/p>\n<h3><strong>SCRYPT MINING\uff1a<\/strong><\/h3>\n<p><a href=\"https:\/\/www.minandovoy.com\/categoria\/mineros\/?algoritmos=scrypt\">\u7f16\u7801<\/a> \u4f7f\u7528\u4e00\u4e2a\u5bc6\u94a5\u548c\u4e00\u7cfb\u5217\u5728\u7b97\u6cd5\u4e2d\u6807\u8bb0\u7684\u70b9\u6765\u6267\u884c\u6563\u5217\u3001<br \/>\n\u52a0\u5165\u5927\u91cf\u7684\u566a\u97f3\u3002\u566a\u58f0\u662f\u968f\u673a\u6570\u5b57\uff0c\u7531<br \/>\n\u7b97\u6cd5\u5e76\u5b58\u50a8\u5728\u5185\u5b58\u4e2d\u3002<br \/>\n\u8fd9\u4e9b\u6570\u5b57\u7684\u76ee\u7684\u662f\u4e3a\u4e86\u63a9\u76d6\u5173\u952e\u6570\u636e\uff0c\u4ee5\u4f7f\u5176\u66f4\u96be\u4ee5\u5206\u89e3<br \/>\n\u54c8\u5e0c\u533a\u5757\u3002\u5f52\u6839\u7ed3\u5e95\uff0c\u5b83\u662f\u4e00\u79cd\u4fdd\u62a4\u63aa\u65bd\uff0c\u53ef\u4ee5\u9632\u6b62\u4e2a\u4eba\u4ece<br \/>\n\u6076\u610f\u653b\u51fb\u8005\u53ef\u4ee5\u8bbf\u95ee\u7528Scrypt\u4fdd\u62a4\u7684\u6570\u636e\u3002<\/p>\n<h3><strong>LITECOIN\uff1a<\/strong><\/h3>\n<p>\u83b1\u7279\u5e01\u662f\u4e00\u79cd\u4e3a\u63d0\u4f9b\u5b89\u5168\u3001\u5ec9\u4ef7\u548c\u5feb\u901f\u652f\u4ed8\u800c\u521b\u5efa\u7684\u52a0\u5bc6\u8d27\u5e01\u3001<br \/>\n\u5f97\u76ca\u4e8e\u533a\u5757\u94fe\u6280\u672f\u3002<br \/>\n\u5f53\u6211\u4eec\u8bf4\u5b83\u662f\u6bd4\u7279\u5e01\u7684\u5206\u53c9\u65f6\uff0c\u5b83\u5c31\u662f\u5b57\u9762\u4e0a\u7684\u610f\u601d\uff0c\u5c31\u50cf\u8fd9\u6837<br \/>\n\u4f5c\u4e3a\u5927\u578b\u52a0\u5bc6\u8d27\u5e01\u7684 \"\u7cbe\u7b80\u7248\"\uff0c\u5c0f\u578b\u7248\u672c\u3002<br \/>\n\u8be5\u7f51\u7edc\u4e8e2011\u5e7410\u670813\u65e5\u542f\u52a8\u3002<br \/>\n\u51ed\u501f11\u5e74\u7684\u7ecf\u9a8c\uff0c\u5b83\u5df2\u7ecf\u6210\u529f\u5730\u83b7\u5f97\u4e86\u4ea4\u6613\u5546\u7684\u8ba4\u53ef\u548c<br \/>\n\u5df2\u88ab\u5217\u5165\u6309\u5e02\u503c\u8ba1\u7b97\u7684\u524d\u5341\u5927\u52a0\u5bc6\u8d27\u5e01\u4e4b\u4e00<br \/>\n\u5728\u5176\u5b58\u5728\u7684\u5927\u90e8\u5206\u65f6\u95f4\u91cc\u3002<\/p>\n<h3><strong>DOGECOIN\uff1a<\/strong><\/h3>\n<p>\u8fd9\u79cd\u52a0\u5bc6\u8d27\u5e01\u57282013\u5e74\u4f5c\u4e3a\u56de\u5fc6\u5f55\u7684\u4e00\u90e8\u5206\u8bde\u751f\u4e8e\u5e02\u573a\uff0c\u4f46\u66f4\u591a\u7684\u662f<br \/>\n\u540e\u6765\u4ed6\u7684\u793e\u533a\u4f5c\u51fa\u51b3\u5b9a\uff0c\u5c06\u7f51\u7edc\u6539\u4e3aAUXPOW\uff0c\u4ece\u800c\u5c06AUXPOW\u7f51\u7edc\u4e0eAUXPOW\u7f51\u7edc\u5408\u5e76\u3002<br \/>\n\u4e0eLTC\u7f51\u7edc\u57282014\u5e749\u6708\u3002\u8fd9\u4e00\u63aa\u65bd\u610f\u5473\u7740Dogecoin\u7684\u4ef7\u503c<br \/>\n\u5728\u77ed\u77ed\u51e0\u5468\u5185\uff0c\u65b0\u5de5\u4f5c\u7684\u6570\u91cf\u5c06\u589e\u52a0\u8d85\u8fc7180%\u3002<br \/>\n\u6309\u5e02\u503c\u8ba1\u7b97\uff0c\u83b1\u7279\u5e01\u662f\u7b2c\u4e03\u5927\u6700\u5e7f\u6cdb\u4f7f\u7528\u7684\u52a0\u5bc6\u8d27\u5e01\u3001<br \/>\n\u8fd9\u4f7f\u5f97Doge\u7684\u5b89\u5168\u6027\u5927\u5927\u63d0\u5347\uff0c\u56e0\u4e3a\u5b83\u6709\u4e00\u4e2a<br \/>\n\u66f4\u9ad8\u7684\u8ba1\u7b97\u80fd\u529b\u3002<\/p>\n<p>Blackminer l1 4.3gh\uff1a<br \/>\n4.3GH\u578b\u53f7\u5f00\u91c7Scrypt\u7b97\u6cd5\uff0c\u529f\u8017\u4e3a3450W\/\u5c0f\u65f6\u3002<br \/>\n\u6b64\u5916\uff0c\u7531\u4e8e\u5176\u566a\u97f3\u6c34\u5e73\u8d85\u8fc770\u5206\u8d1d\uff0c\u88ab\u8ba4\u4e3a\u662f\u5de5\u4e1a\u7c7b\u522b\u3002<br \/>\n18\/10\/22 \u76ee\u524d\u6bcf\u5929\u4ea7\u751f\uff1a0.06443292 LTC + 112.6541 DOGE<\/p>\n<p><iframe loading=\"lazy\" title=\"YouTube\u89c6\u9891\u64ad\u653e\u5668\" src=\"https:\/\/www.youtube.com\/embed\/RbVABNdXT1c\" width=\"560\" height=\"315\" frameborder=\"0\" allowfullscreen=\"allowfullscreen\"><\/iframe><\/p>","protected":false},"excerpt":{"rendered":"<p>Esta m\u00e1quina, se encuentra dentro del TOP 10 de m\u00e1quinas m\u00e1s rentables, ocupando de el puesto n\u00famero 9 siendo este puesto correspondiente a la Blackminer L1\u00a0 de 4.3 Gh Por encima est\u00e1 la Antminer S19 Pro Hyd\u00a0 177Th de Bitcoin, por lo que podemos decir que dentro del TOP 10 se encuentra esta m\u00e1quina. Vamos [&hellip;]<\/p>\n","protected":false},"featured_media":939,"comment_status":"open","ping_status":"closed","template":"","meta":[],"product_brand":[],"product_cat":[19],"product_tag":[138],"class_list":{"0":"post-938","1":"product","2":"type-product","3":"status-publish","4":"has-post-thumbnail","6":"product_cat-mineros","7":"product_tag-mineros-para-avanzados","9":"first","10":"outofstock","11":"sold-individually","12":"taxable","13":"shipping-taxable","14":"purchasable","15":"product-type-simple"},"_links":{"self":[{"href":"https:\/\/pruebas.michollo.to\/zh\/wp-json\/wp\/v2\/product\/938","targetHints":{"allow":["GET"]}}],"collection":[{"href":"https:\/\/pruebas.michollo.to\/zh\/wp-json\/wp\/v2\/product"}],"about":[{"href":"https:\/\/pruebas.michollo.to\/zh\/wp-json\/wp\/v2\/types\/product"}],"replies":[{"embeddable":true,"href":"https:\/\/pruebas.michollo.to\/zh\/wp-json\/wp\/v2\/comments?post=938"}],"wp:featuredmedia":[{"embeddable":true,"href":"https:\/\/pruebas.michollo.to\/zh\/wp-json\/wp\/v2\/media\/939"}],"wp:attachment":[{"href":"https:\/\/pruebas.michollo.to\/zh\/wp-json\/wp\/v2\/media?parent=938"}],"wp:term":[{"taxonomy":"product_brand","embeddable":true,"href":"https:\/\/pruebas.michollo.to\/zh\/wp-json\/wp\/v2\/product_brand?post=938"},{"taxonomy":"product_cat","embeddable":true,"href":"https:\/\/pruebas.michollo.to\/zh\/wp-json\/wp\/v2\/product_cat?post=938"},{"taxonomy":"product_tag","embeddable":true,"href":"https:\/\/pruebas.michollo.to\/zh\/wp-json\/wp\/v2\/product_tag?post=938"}],"curies":[{"name":"wp","href":"https:\/\/api.w.org\/{rel}","templated":true}]}}